{"id":183,"date":"2025-07-11T15:35:08","date_gmt":"2025-07-11T13:35:08","guid":{"rendered":"https:\/\/pcsi.lecontedelisle.re\/?page_id=183"},"modified":"2025-07-11T15:35:08","modified_gmt":"2025-07-11T13:35:08","slug":"tipe","status":"publish","type":"page","link":"https:\/\/pcsi.lecontedelisle.re\/index.php\/tipe\/","title":{"rendered":"TIPE"},"content":{"rendered":"\n<p><em>Travaux d&rsquo;initiative personnelle encadr\u00e9s<\/em>.<\/p>\n\n\n\n<p>L\u2019\u00e9preuve d\u2019\u00e9valuation des TIPE est organis\u00e9e en commun par le Concours Centrale-Sup\u00e9lec, le Concours Commun INP, le Concours Commun Mines-Ponts et la Banque fili\u00e8re PT (Physique Technologie). Cette \u00e9preuve est \u00e9galement utilis\u00e9e par d\u2019autres concours. Lors de l\u2019\u00e9preuve sont \u00e9valu\u00e9es les qualit\u00e9s et les comp\u00e9tences d\u00e9velopp\u00e9es au cours de la formation CPGE. Vous trouverez toutes les informations utiles sur cette \u00e9preuve sur le site : <a href=\"https:\/\/www.scei-concours.fr\/tipe.php\">https:\/\/www.scei-concours.fr\/tipe.php<\/a><\/p>\n\n\n\n<p><strong>Pour la session 2026,<\/strong> les \u00e9tudiantes et \u00e9tudiants ont \u00e9t\u00e9 amen\u00e9s \u00e0 r\u00e9fl\u00e9chir sur le th\u00e8me :<\/p>\n\n\n\n<blockquote class=\"wp-block-quote is-layout-flow wp-block-quote-is-layout-flow\">\n<h1 class=\"wp-block-heading has-text-align-center\"><i>&nbsp;Cycles, boucles<\/i><\/h1>\n<\/blockquote>\n\n\n\n<p>Un exemple de ressources propos\u00e9 par l&rsquo;INRIA : <a href=\"https:\/\/mediation-scientifique.gitlabpages.inria.fr\/tipe-2025\/\/\">https:\/\/mediation-scientifique.gitlabpages.inria.fr\/tipe-2025\/\/<\/a><\/p>\n\n\n\n<p><\/p>\n","protected":false},"excerpt":{"rendered":"<p>Travaux d&rsquo;initiative personnelle encadr\u00e9s. L\u2019\u00e9preuve d\u2019\u00e9valuation des TIPE est organis\u00e9e en commun par le Concours Centrale-Sup\u00e9lec, le Concours Commun INP, le Concours Commun Mines-Ponts et la Banque fili\u00e8re PT (Physique Technologie). Cette \u00e9preuve est \u00e9galement utilis\u00e9e par d\u2019autres concours. Lors de l\u2019\u00e9preuve sont \u00e9valu\u00e9es les qualit\u00e9s et les comp\u00e9tences d\u00e9velopp\u00e9es au cours de la formation&hellip;<\/p>\n","protected":false},"author":1,"featured_media":0,"parent":0,"menu_order":0,"comment_status":"closed","ping_status":"closed","template":"","meta":{"footnotes":""},"class_list":["post-183","page","type-page","status-publish","hentry"],"_links":{"self":[{"href":"https:\/\/pcsi.lecontedelisle.re\/index.php\/wp-json\/wp\/v2\/pages\/183","targetHints":{"allow":["GET"]}}],"collection":[{"href":"https:\/\/pcsi.lecontedelisle.re\/index.php\/wp-json\/wp\/v2\/pages"}],"about":[{"href":"https:\/\/pcsi.lecontedelisle.re\/index.php\/wp-json\/wp\/v2\/types\/page"}],"author":[{"embeddable":true,"href":"https:\/\/pcsi.lecontedelisle.re\/index.php\/wp-json\/wp\/v2\/users\/1"}],"replies":[{"embeddable":true,"href":"https:\/\/pcsi.lecontedelisle.re\/index.php\/wp-json\/wp\/v2\/comments?post=183"}],"version-history":[{"count":1,"href":"https:\/\/pcsi.lecontedelisle.re\/index.php\/wp-json\/wp\/v2\/pages\/183\/revisions"}],"predecessor-version":[{"id":185,"href":"https:\/\/pcsi.lecontedelisle.re\/index.php\/wp-json\/wp\/v2\/pages\/183\/revisions\/185"}],"wp:attachment":[{"href":"https:\/\/pcsi.lecontedelisle.re\/index.php\/wp-json\/wp\/v2\/media?parent=183"}],"curies":[{"name":"wp","href":"https:\/\/api.w.org\/{rel}","templated":true}]}}