{"id":38,"date":"2023-08-19T18:13:27","date_gmt":"2023-08-19T16:13:27","guid":{"rendered":"https:\/\/pcsi.lecontedelisle.re\/?page_id=38"},"modified":"2024-08-14T15:55:24","modified_gmt":"2024-08-14T13:55:24","slug":"resultats-et-livre-dor","status":"publish","type":"page","link":"https:\/\/pcsi.lecontedelisle.re\/index.php\/resultats-et-livre-dor\/","title":{"rendered":"R\u00e9sultats et livre d&rsquo;or"},"content":{"rendered":"\n<p>Quelques admissions propos\u00e9es (non exhaustives) :<\/p>\n\n\n\n<ul class=\"wp-block-list\">\n<li>ENS Ulm sur dossier<\/li>\n\n\n\n<li>ENS Paris-Saclay sur dossier<\/li>\n\n\n\n<li>ENSTA Paris<\/li>\n\n\n\n<li>Chimie Paris Tech<\/li>\n\n\n\n<li>Magist\u00e8re de Chimie d&rsquo;Orsay<\/li>\n\n\n\n<li>Centrale Lille<\/li>\n\n\n\n<li>Mines de Nancy<\/li>\n\n\n\n<li>Mines de Saint-\u00c9tienne<\/li>\n\n\n\n<li>IMT Al\u00e8s<\/li>\n\n\n\n<li>IMT Nord<\/li>\n\n\n\n<li>T\u00e9l\u00e9com Saint Etienne<\/li>\n\n\n\n<li>ENSC Rennes<\/li>\n\n\n\n<li>ESTP<\/li>\n\n\n\n<li>\u00c9cole de L&rsquo;air<\/li>\n\n\n\n<li>ENAC<\/li>\n\n\n\n<li>Lorraine INP &#8211; EEIGM<\/li>\n\n\n\n<li>EPISEN &#8211; G\u00e9nie Biom\u00e9dical et sant\u00e9 (ISBS)<\/li>\n\n\n\n<li>ESCOM Chimie Compi\u00e8gne<\/li>\n\n\n\n<li>ESTACA<\/li>\n\n\n\n<li>EPITA campus Toulouse<\/li>\n\n\n\n<li>Toulouse INP <\/li>\n\n\n\n<li>ENSIACET &#8211; Mat\u00e9riaux<\/li>\n\n\n\n<li>ESIR Rennes &#8211; Mat\u00e9riaux<\/li>\n\n\n\n<li>ESILV<\/li>\n\n\n\n<li>ESIGELEC<\/li>\n<\/ul>\n\n\n\n<p>On parle de nos \u00e9l\u00e8ves dans la presse ou sur le site des \u00e9coles :<\/p>\n\n\n\n<p><a href=\"https:\/\/www.linfo.re\/la-reunion\/societe\/emmanuelle-dugain-reunionnaise-de-20-ans-integre-la-prestigieuse-ecole-normale-superieure-a-paris\">https:\/\/www.linfo.re\/la-reunion\/societe\/emmanuelle-dugain-reunionnaise-de-20-ans-integre-la-prestigieuse-ecole-normale-superieure-a-paris<\/a><\/p>\n\n\n\n<p><a href=\"https:\/\/www.ens.psl.eu\/continuer-apprendre-et-experimenter-grace-la-recherche\">https:\/\/www.ens.psl.eu\/continuer-apprendre-et-experimenter-grace-la-recherche<\/a><\/p>\n","protected":false},"excerpt":{"rendered":"<p>Quelques admissions propos\u00e9es (non exhaustives) : On parle de nos \u00e9l\u00e8ves dans la presse ou sur le site des \u00e9coles : https:\/\/www.linfo.re\/la-reunion\/societe\/emmanuelle-dugain-reunionnaise-de-20-ans-integre-la-prestigieuse-ecole-normale-superieure-a-paris https:\/\/www.ens.psl.eu\/continuer-apprendre-et-experimenter-grace-la-recherche<\/p>\n","protected":false},"author":1,"featured_media":0,"parent":0,"menu_order":0,"comment_status":"closed","ping_status":"closed","template":"","meta":{"footnotes":""},"class_list":["post-38","page","type-page","status-publish","hentry"],"_links":{"self":[{"href":"https:\/\/pcsi.lecontedelisle.re\/index.php\/wp-json\/wp\/v2\/pages\/38","targetHints":{"allow":["GET"]}}],"collection":[{"href":"https:\/\/pcsi.lecontedelisle.re\/index.php\/wp-json\/wp\/v2\/pages"}],"about":[{"href":"https:\/\/pcsi.lecontedelisle.re\/index.php\/wp-json\/wp\/v2\/types\/page"}],"author":[{"embeddable":true,"href":"https:\/\/pcsi.lecontedelisle.re\/index.php\/wp-json\/wp\/v2\/users\/1"}],"replies":[{"embeddable":true,"href":"https:\/\/pcsi.lecontedelisle.re\/index.php\/wp-json\/wp\/v2\/comments?post=38"}],"version-history":[{"count":7,"href":"https:\/\/pcsi.lecontedelisle.re\/index.php\/wp-json\/wp\/v2\/pages\/38\/revisions"}],"predecessor-version":[{"id":176,"href":"https:\/\/pcsi.lecontedelisle.re\/index.php\/wp-json\/wp\/v2\/pages\/38\/revisions\/176"}],"wp:attachment":[{"href":"https:\/\/pcsi.lecontedelisle.re\/index.php\/wp-json\/wp\/v2\/media?parent=38"}],"curies":[{"name":"wp","href":"https:\/\/api.w.org\/{rel}","templated":true}]}}