{"id":47,"date":"2023-08-19T18:16:33","date_gmt":"2023-08-19T16:16:33","guid":{"rendered":"https:\/\/pcsi.lecontedelisle.re\/?page_id=47"},"modified":"2025-07-11T15:31:31","modified_gmt":"2025-07-11T13:31:31","slug":"lettres","status":"publish","type":"page","link":"https:\/\/pcsi.lecontedelisle.re\/index.php\/lettres\/","title":{"rendered":"Lettres"},"content":{"rendered":"\n<p>Comme chaque ann\u00e9e,&nbsp;<strong>l\u2019enseignement de fran\u00e7ais et de philosophie<\/strong>&nbsp;en&nbsp;CPGE scientifique&nbsp;repose sur un th\u00e8me bien d\u00e9termin\u00e9.<\/p>\n\n\n\n<p><strong>Pour l\u2019ann\u00e9e scolaire 2025-2026<\/strong>, les \u00e9tudiantes et \u00e9tudiants seront amen\u00e9s \u00e0 r\u00e9fl\u00e9chir sur le th\u00e8me :<\/p>\n\n\n\n<blockquote class=\"wp-block-quote is-layout-flow wp-block-quote-is-layout-flow\">\n<h1 class=\"wp-block-heading has-text-align-center\"><i>Exp\u00e9riences de la nature\u00a0<\/i><\/h1>\n\n\n\n<p><\/p>\n<\/blockquote>\n\n\n\n<p>Cette th\u00e9matique sera \u00e9tudi\u00e9e \u00e0 travers&nbsp;<strong>une liste d\u2019\u0153uvres litt\u00e9raires et philosophiques :<\/strong><\/p>\n\n\n\n<ul class=\"wp-block-list\">\n<li><em>La connaissance de la vie, \u00ab\u00a0Introduction : la pens\u00e9e et le vivant\u00a0\u00bb, \u00ab\u00a0I. M\u00e9thode\u00a0\u00bb, \u00ab\u00a0III. Philosophie \u2013 chapitres II, III, IV et V<\/em>\u00ab\u00a0<em>\u00a0<\/em>(Georges CANGHILHEM)<\/li>\n\n\n\n<li><em>Vingt mille lieues sous les mers\u00a0<\/em>( Jules VERNE)<\/li>\n\n\n\n<li><em>Le mur invisible\u00a0<\/em>(Marlen HAUSHOFER) \u2013 Traduction de Liselotte Bodo et Jacqueline Chambon.<\/li>\n<\/ul>\n\n\n\n<p><\/p>\n","protected":false},"excerpt":{"rendered":"<p>Comme chaque ann\u00e9e,&nbsp;l\u2019enseignement de fran\u00e7ais et de philosophie&nbsp;en&nbsp;CPGE scientifique&nbsp;repose sur un th\u00e8me bien d\u00e9termin\u00e9. Pour l\u2019ann\u00e9e scolaire 2025-2026, les \u00e9tudiantes et \u00e9tudiants seront amen\u00e9s \u00e0 r\u00e9fl\u00e9chir sur le th\u00e8me : Exp\u00e9riences de la nature\u00a0 Cette th\u00e9matique sera \u00e9tudi\u00e9e \u00e0 travers&nbsp;une liste d\u2019\u0153uvres litt\u00e9raires et philosophiques :<\/p>\n","protected":false},"author":1,"featured_media":0,"parent":0,"menu_order":0,"comment_status":"closed","ping_status":"closed","template":"","meta":{"footnotes":""},"class_list":["post-47","page","type-page","status-publish","hentry"],"_links":{"self":[{"href":"https:\/\/pcsi.lecontedelisle.re\/index.php\/wp-json\/wp\/v2\/pages\/47","targetHints":{"allow":["GET"]}}],"collection":[{"href":"https:\/\/pcsi.lecontedelisle.re\/index.php\/wp-json\/wp\/v2\/pages"}],"about":[{"href":"https:\/\/pcsi.lecontedelisle.re\/index.php\/wp-json\/wp\/v2\/types\/page"}],"author":[{"embeddable":true,"href":"https:\/\/pcsi.lecontedelisle.re\/index.php\/wp-json\/wp\/v2\/users\/1"}],"replies":[{"embeddable":true,"href":"https:\/\/pcsi.lecontedelisle.re\/index.php\/wp-json\/wp\/v2\/comments?post=47"}],"version-history":[{"count":5,"href":"https:\/\/pcsi.lecontedelisle.re\/index.php\/wp-json\/wp\/v2\/pages\/47\/revisions"}],"predecessor-version":[{"id":182,"href":"https:\/\/pcsi.lecontedelisle.re\/index.php\/wp-json\/wp\/v2\/pages\/47\/revisions\/182"}],"wp:attachment":[{"href":"https:\/\/pcsi.lecontedelisle.re\/index.php\/wp-json\/wp\/v2\/media?parent=47"}],"curies":[{"name":"wp","href":"https:\/\/api.w.org\/{rel}","templated":true}]}}