{"id":65,"date":"2023-08-19T18:21:42","date_gmt":"2023-08-19T16:21:42","guid":{"rendered":"https:\/\/pcsi.lecontedelisle.re\/?page_id=65"},"modified":"2025-07-11T15:48:47","modified_gmt":"2025-07-11T13:48:47","slug":"culture-mathematique","status":"publish","type":"page","link":"https:\/\/pcsi.lecontedelisle.re\/index.php\/culture-mathematique\/","title":{"rendered":"Culture math\u00e9matique"},"content":{"rendered":"\n<p><strong> Quelques sites, chaine youtube de vulgarisation scientifique et d&rsquo;histoire des math\u00e9matiques :<\/strong><\/p>\n\n\n\n<ul class=\"wp-block-list\">\n<li>Histoire des math\u00e9matiques (Bernard Ycart) : <a href=\"https:\/\/www.hist-math.fr\/\">https:\/\/www.hist-math.fr\/<\/a><\/li>\n<\/ul>\n\n\n\n<ul class=\"wp-block-list\">\n<li>Image des math\u00e9matiques (CNRS) : <a href=\"https:\/\/images.math.cnrs.fr\/\">https:\/\/images.math.cnrs.fr\/<\/a><\/li>\n<\/ul>\n\n\n\n<ul class=\"wp-block-list\">\n<li>Science \u00e9tonnante (David Louapre) : <a href=\"https:\/\/www.youtube.com\/channel\/UCaNlbnghtwlsGF-KzAFThqA\">https:\/\/www.youtube.com\/channel\/UCaNlbnghtwlsGF-KzAFThqA<\/a><\/li>\n<\/ul>\n\n\n\n<ul class=\"wp-block-list\">\n<li>Cha\u00eene Micmaths (Micka\u00ebl Launay) : <a href=\"https:\/\/www.youtube.com\/@Micmaths\">https:\/\/www.youtube.com\/@Micmaths<\/a><\/li>\n<\/ul>\n\n\n\n<p><\/p>\n\n\n\n<p><\/p>\n\n\n\n<p><strong>Apprendre \u00e0 \u00e9crire un document scientifique en langage LaTeX : <\/strong><\/p>\n\n\n\n<p><a href=\"https:\/\/www.tuteurs.ens.fr\/logiciels\/latex\/\">https:\/\/www.tuteurs.ens.fr\/logiciels\/latex\/<\/a><\/p>\n\n\n\n<p><\/p>\n","protected":false},"excerpt":{"rendered":"<p>Quelques sites, chaine youtube de vulgarisation scientifique et d&rsquo;histoire des math\u00e9matiques : Apprendre \u00e0 \u00e9crire un document scientifique en langage LaTeX : https:\/\/www.tuteurs.ens.fr\/logiciels\/latex\/<\/p>\n","protected":false},"author":1,"featured_media":0,"parent":0,"menu_order":0,"comment_status":"closed","ping_status":"closed","template":"","meta":{"footnotes":""},"class_list":["post-65","page","type-page","status-publish","hentry"],"_links":{"self":[{"href":"https:\/\/pcsi.lecontedelisle.re\/index.php\/wp-json\/wp\/v2\/pages\/65","targetHints":{"allow":["GET"]}}],"collection":[{"href":"https:\/\/pcsi.lecontedelisle.re\/index.php\/wp-json\/wp\/v2\/pages"}],"about":[{"href":"https:\/\/pcsi.lecontedelisle.re\/index.php\/wp-json\/wp\/v2\/types\/page"}],"author":[{"embeddable":true,"href":"https:\/\/pcsi.lecontedelisle.re\/index.php\/wp-json\/wp\/v2\/users\/1"}],"replies":[{"embeddable":true,"href":"https:\/\/pcsi.lecontedelisle.re\/index.php\/wp-json\/wp\/v2\/comments?post=65"}],"version-history":[{"count":5,"href":"https:\/\/pcsi.lecontedelisle.re\/index.php\/wp-json\/wp\/v2\/pages\/65\/revisions"}],"predecessor-version":[{"id":188,"href":"https:\/\/pcsi.lecontedelisle.re\/index.php\/wp-json\/wp\/v2\/pages\/65\/revisions\/188"}],"wp:attachment":[{"href":"https:\/\/pcsi.lecontedelisle.re\/index.php\/wp-json\/wp\/v2\/media?parent=65"}],"curies":[{"name":"wp","href":"https:\/\/api.w.org\/{rel}","templated":true}]}}