{"id":67,"date":"2023-08-19T18:22:39","date_gmt":"2023-08-19T16:22:39","guid":{"rendered":"https:\/\/pcsi.lecontedelisle.re\/?page_id=67"},"modified":"2025-07-11T15:43:04","modified_gmt":"2025-07-11T13:43:04","slug":"pourquoi-choisir-la-pcsi-au-lycee-leconte-de-lisle","status":"publish","type":"page","link":"https:\/\/pcsi.lecontedelisle.re\/","title":{"rendered":"Pourquoi choisir la PCSI au lyc\u00e9e Leconte de Lisle?"},"content":{"rendered":"\n<figure class=\"wp-block-embed is-type-video is-provider-youtube wp-block-embed-youtube wp-embed-aspect-16-9 wp-has-aspect-ratio\"><div class=\"wp-block-embed__wrapper\">\n<iframe loading=\"lazy\" title=\"Pr\u00e9sentation de la PCSI du Lyc\u00e9e Leconte de Lisle\" width=\"687\" height=\"386\" src=\"https:\/\/www.youtube.com\/embed\/gyXG7Lk6tTo?feature=oembed\" frameborder=\"0\" allow=\"accelerometer; autoplay; clipboard-write; encrypted-media; gyroscope; picture-in-picture; web-share\" referrerpolicy=\"strict-origin-when-cross-origin\" allowfullscreen><\/iframe>\n<\/div><figcaption class=\"wp-element-caption\">Pr\u00e9sentation de la PCSI du Lyc\u00e9e Leconte de Lisle : <a href=\"https:\/\/etab.ac-reunion.fr\/lyc-leconte-de-lisle\/1ere-annee-mpsi-mp2i-pcsi\/\">https:\/\/etab.ac-reunion.fr\/lyc-leconte-de-lisle\/1ere-annee-mpsi-mp2i-pcsi\/<\/a><\/figcaption><\/figure>\n\n\n\n<p>Des conditions identiques qu\u2019en m\u00e9tropole :<\/p>\n\n\n\n<ul class=\"wp-block-list\">\n<li>Des concours nationaux<\/li>\n\n\n\n<li>Des enseignants recrut\u00e9s au niveau national ind\u00e9pendamment des \u00e9tablissements<\/li>\n\n\n\n<li>Pr\u00e9sence de presque\u00a0<a href=\"https:\/\/etab.ac-reunion.fr\/lyc-leconte-de-lisle\/1ere-annee-mpsi-mp2i-pcsi\/\">toutes les classes scientifiques<\/a>\u00a0existantes sur un campus<\/li>\n\n\n\n<li>Possibilit\u00e9 d\u2019int\u00e9grer en seconde ann\u00e9e une section \u00e9toil\u00e9e pour les \u00e9tudiants visant les concours les plus s\u00e9lectifs<\/li>\n\n\n\n<li>Organisation sur place de toutes les \u00e9preuves \u00e9crites<\/li>\n\n\n\n<li>Des&nbsp;<a href=\"https:\/\/etab.ac-reunion.fr\/lyc-leconte-de-lisle\/2eme-annee-mp-psi-pc\/resultats-aux-concours\/\">r\u00e9sultats \u00e9quivalents<\/a>&nbsp;\u00e0 la m\u00e9tropole \u00e0 niveau d\u2019\u00e9tudiant \u00e9gal<\/li>\n\n\n\n<li>Un&nbsp;<a href=\"https:\/\/etab.ac-reunion.fr\/lyc-leconte-de-lisle\/bureau-des-eleves\/\">bureau des \u00e9l\u00e8ves<\/a>&nbsp;tr\u00e8s actif qui assure la coh\u00e9sion entre promotions<\/li>\n<\/ul>\n\n\n\n<p><\/p>\n\n\n\n<p>La fili\u00e8re PCSI (Physique, Chimie et Sciences de l\u2019Ing\u00e9nieur) est \u00e0 destination des \u00e9l\u00e8ves d\u00e9tenteurs du bac souhaiteraient int\u00e9grer&nbsp;<strong>des \u00e9coles d\u2019ing\u00e9nieurs<\/strong>.<\/p>\n\n\n\n<p>Pour se renseigner, un seul site : <\/p>\n\n\n\n<blockquote class=\"wp-block-quote is-layout-flow wp-block-quote-is-layout-flow\">\n<p class=\"has-text-align-center\"><a href=\"https:\/\/www.scei-concours.fr\/\">https:\/\/www.scei-concours.fr\/<\/a><\/p>\n<\/blockquote>\n\n\n\n<p><\/p>\n\n\n\n<p><strong>La physique (8h par semaine) et la chimie (4h par semaine) sont \u00e0 l\u2019honneur<\/strong>&nbsp;dans cette fili\u00e8re o\u00f9 l\u2019exp\u00e9rimentation a une place de choix. La&nbsp;<strong>chimie<\/strong>&nbsp;est enseign\u00e9e par un professeur d\u00e9di\u00e9 et non par le professeur de physique. Le programme de&nbsp;<strong>math\u00e9matiques<\/strong> <strong>(10h par semaine)<\/strong>&nbsp;est quant \u00e0 lui proche de celui de la fili\u00e8re MPSI, mais un peu moins approfondi.<\/p>\n\n\n\n<p>Au second semestre, les \u00e9tudiants sont invit\u00e9s \u00e0 choisir l\u2019une des options suivantes :<\/p>\n\n\n\n<ul class=\"wp-block-list\">\n<li><strong>Option (renforcement en) physique et chimie :<\/strong>&nbsp;Les \u00e9tudiants ne font plus de sciences industrielles (SII) et conservent leurs 4 h de chimie par semaine. Ils s\u2019orientent obligatoirement en deuxi\u00e8me ann\u00e9e vers une classe&nbsp;<strong><a href=\"https:\/\/etab.ac-reunion.fr\/lyc-leconte-de-lisle\/2eme-annee-mp-mpi-psi-pc\/\">PC\/PC*<\/a><\/strong>. La fili\u00e8re PC* n\u2019est pas pr\u00e9sente \u00e0 la R\u00e9union.<\/li>\n\n\n\n<li><strong>Option SII :<\/strong>&nbsp;Les \u00e9tudiants ne font plus que 2 h de chimie et conservent leurs 4 h de sciences industrielles (SII). Ils s\u2019orientent obligatoirement en deuxi\u00e8me ann\u00e9e vers une classe&nbsp;<strong><a href=\"https:\/\/etab.ac-reunion.fr\/lyc-leconte-de-lisle\/2eme-annee-mp-mpi-psi-pc\/\">PSI\/PSI*<\/a><\/strong>. La PSI se trouve au Lyc\u00e9e Roland Garros :&nbsp;<a href=\"http:\/\/lycee-roland-garros.ac-reunion.fr\/formations\/cpge\/psi\/\">http:\/\/lycee-roland-garros.ac-reunion.fr\/formations\/cpge\/psi\/<\/a>&nbsp;avec laquelle le lyc\u00e9e a une convention et des places \u00e0 l\u2019internat. La PSI* est la seule classe \u00e9toil\u00e9e de la R\u00e9union et dispense une pr\u00e9paration plus intense en vue des \u00e9coles les plus prestigieuses.<\/li>\n<\/ul>\n\n\n\n<figure class=\"wp-block-image size-large\"><img loading=\"lazy\" decoding=\"async\" width=\"1024\" height=\"760\" src=\"https:\/\/pcsi.lecontedelisle.re\/wp-content\/uploads\/2023\/08\/deb-1024x760.png\" alt=\"\" class=\"wp-image-123\" srcset=\"https:\/\/pcsi.lecontedelisle.re\/wp-content\/uploads\/2023\/08\/deb-1024x760.png 1024w, https:\/\/pcsi.lecontedelisle.re\/wp-content\/uploads\/2023\/08\/deb-300x223.png 300w, https:\/\/pcsi.lecontedelisle.re\/wp-content\/uploads\/2023\/08\/deb-768x570.png 768w, https:\/\/pcsi.lecontedelisle.re\/wp-content\/uploads\/2023\/08\/deb-1536x1141.png 1536w, https:\/\/pcsi.lecontedelisle.re\/wp-content\/uploads\/2023\/08\/deb-767x570.png 767w, https:\/\/pcsi.lecontedelisle.re\/wp-content\/uploads\/2023\/08\/deb.png 1562w\" sizes=\"auto, (max-width: 1024px) 100vw, 1024px\" \/><\/figure>\n\n\n\n<figure class=\"wp-block-image size-large\"><img loading=\"lazy\" decoding=\"async\" width=\"1024\" height=\"742\" src=\"https:\/\/pcsi.lecontedelisle.re\/wp-content\/uploads\/2023\/08\/ccprepares-1024x742.png\" alt=\"\" class=\"wp-image-125\" srcset=\"https:\/\/pcsi.lecontedelisle.re\/wp-content\/uploads\/2023\/08\/ccprepares-1024x742.png 1024w, https:\/\/pcsi.lecontedelisle.re\/wp-content\/uploads\/2023\/08\/ccprepares-300x217.png 300w, https:\/\/pcsi.lecontedelisle.re\/wp-content\/uploads\/2023\/08\/ccprepares-768x556.png 768w, https:\/\/pcsi.lecontedelisle.re\/wp-content\/uploads\/2023\/08\/ccprepares-767x555.png 767w, https:\/\/pcsi.lecontedelisle.re\/wp-content\/uploads\/2023\/08\/ccprepares.png 1494w\" sizes=\"auto, (max-width: 1024px) 100vw, 1024px\" \/><\/figure>\n","protected":false},"excerpt":{"rendered":"<p>Des conditions identiques qu\u2019en m\u00e9tropole : La fili\u00e8re PCSI (Physique, Chimie et Sciences de l\u2019Ing\u00e9nieur) est \u00e0 destination des \u00e9l\u00e8ves d\u00e9tenteurs du bac souhaiteraient int\u00e9grer&nbsp;des \u00e9coles d\u2019ing\u00e9nieurs. Pour se renseigner, un seul site : https:\/\/www.scei-concours.fr\/ La physique (8h par semaine) et la chimie (4h par semaine) sont \u00e0 l\u2019honneur&nbsp;dans cette fili\u00e8re o\u00f9 l\u2019exp\u00e9rimentation a une&hellip;<\/p>\n","protected":false},"author":1,"featured_media":0,"parent":0,"menu_order":0,"comment_status":"closed","ping_status":"closed","template":"","meta":{"footnotes":""},"class_list":["post-67","page","type-page","status-publish","hentry"],"_links":{"self":[{"href":"https:\/\/pcsi.lecontedelisle.re\/index.php\/wp-json\/wp\/v2\/pages\/67","targetHints":{"allow":["GET"]}}],"collection":[{"href":"https:\/\/pcsi.lecontedelisle.re\/index.php\/wp-json\/wp\/v2\/pages"}],"about":[{"href":"https:\/\/pcsi.lecontedelisle.re\/index.php\/wp-json\/wp\/v2\/types\/page"}],"author":[{"embeddable":true,"href":"https:\/\/pcsi.lecontedelisle.re\/index.php\/wp-json\/wp\/v2\/users\/1"}],"replies":[{"embeddable":true,"href":"https:\/\/pcsi.lecontedelisle.re\/index.php\/wp-json\/wp\/v2\/comments?post=67"}],"version-history":[{"count":8,"href":"https:\/\/pcsi.lecontedelisle.re\/index.php\/wp-json\/wp\/v2\/pages\/67\/revisions"}],"predecessor-version":[{"id":186,"href":"https:\/\/pcsi.lecontedelisle.re\/index.php\/wp-json\/wp\/v2\/pages\/67\/revisions\/186"}],"wp:attachment":[{"href":"https:\/\/pcsi.lecontedelisle.re\/index.php\/wp-json\/wp\/v2\/media?parent=67"}],"curies":[{"name":"wp","href":"https:\/\/api.w.org\/{rel}","templated":true}]}}