{"id":70,"date":"2023-08-19T18:39:24","date_gmt":"2023-08-19T16:39:24","guid":{"rendered":"https:\/\/pcsi.lecontedelisle.re\/?page_id=70"},"modified":"2025-07-11T15:29:33","modified_gmt":"2025-07-11T13:29:33","slug":"documents-de-rentree-2024-2025","status":"publish","type":"page","link":"https:\/\/pcsi.lecontedelisle.re\/index.php\/documents-de-rentree-2024-2025\/","title":{"rendered":"Documents de rentr\u00e9e"},"content":{"rendered":"\n<figure class=\"wp-block-image size-full\"><img loading=\"lazy\" decoding=\"async\" width=\"1024\" height=\"129\" src=\"https:\/\/pcsi.lecontedelisle.re\/wp-content\/uploads\/2023\/08\/20180826_103526-1-1024x129-1.jpeg\" alt=\"\" class=\"wp-image-97\" srcset=\"https:\/\/pcsi.lecontedelisle.re\/wp-content\/uploads\/2023\/08\/20180826_103526-1-1024x129-1.jpeg 1024w, https:\/\/pcsi.lecontedelisle.re\/wp-content\/uploads\/2023\/08\/20180826_103526-1-1024x129-1-300x38.jpeg 300w, https:\/\/pcsi.lecontedelisle.re\/wp-content\/uploads\/2023\/08\/20180826_103526-1-1024x129-1-768x97.jpeg 768w, https:\/\/pcsi.lecontedelisle.re\/wp-content\/uploads\/2023\/08\/20180826_103526-1-1024x129-1-767x97.jpeg 767w\" sizes=\"auto, (max-width: 1024px) 100vw, 1024px\" \/><\/figure>\n\n\n\n<h2 class=\"wp-block-heading\"><strong>POUR SE PREPARER AVANT LA RENTREE<\/strong> :<\/h2>\n\n\n\n<p>Pour celles et ceux d\u2019entre vous qui d\u00e9sirent se pr\u00e9parer avant la rentr\u00e9e d\u2019ao\u00fbt voil\u00e0 quelques pistes de travail possible.<\/p>\n\n\n\n<ul class=\"wp-block-list\">\n<li>Il faut ma\u00eetriser le cours de Terminale, conna\u00eetre parfaitement de m\u00e9moire les formules usuelles (identit\u00e9s alg\u00e9briques et formules trigonom\u00e9triques, d\u00e9riv\u00e9es et primitives, etc.), faire des r\u00e9visions de g\u00e9om\u00e9trie (\u00e9quations de droites ou plans, en dimension 2 ou 3).<\/li>\n\n\n\n<li>Pour ceux qui n\u2019auraient pas suivi l\u2019option Math\u00e9matiques Expertes, il est conseill\u00e9 de s\u2019int\u00e9resser au programme de celle-ci, et notamment au chapitre sur les nombres complexes. Des cours sont disponibles en ligne.<\/li>\n\n\n\n<li>Vous avez souvent des difficult\u00e9s \u00e0 mener des calculs.<\/li>\n\n\n\n<li>Entra\u00eenez-vous en utilisant le\u00a0<a href=\"https:\/\/colasbd.github.io\/cdc-lycee\/\" target=\"_blank\" rel=\"noreferrer noopener\">cahier de calcul<\/a>\u00a0(t\u00e9l\u00e9chargeable pour la\u00a0<a href=\"https:\/\/colasbd.github.io\/cdc-lycee\/cahier_de_calcul_Terminale_Specialite_v1.2.0.pdf\" target=\"_blank\" rel=\"noreferrer noopener\">sp\u00e9cialit\u00e9 de Terminale<\/a>\u00a0et les\u00a0<a href=\"https:\/\/colasbd.github.io\/cdc-lycee\/cahier_de_calcul_Maths_Expertes_v1.2.0.pdf\" target=\"_blank\" rel=\"noreferrer noopener\">Maths Expertes<\/a>\u00a0ou disponible aux \u00e9ditions Dunod).<br>Entra\u00eenez-vous en utilisant le\u00a0<a href=\"https:\/\/colasbd.github.io\/cdc\/cahier_de_calcul_v13.pdf\" target=\"_blank\" rel=\"noreferrer noopener\">cahier de calcul<\/a>\u00a0(t\u00e9l\u00e9chargeable\u00a0<a href=\"https:\/\/colasbd.github.io\/cdc\/\" target=\"_blank\" rel=\"noreferrer noopener\">ici<\/a>\u00a0ou disponible aux \u00e9ditions Dunod). Une partie des fiches est faisable d\u00e8s la terminale : fiches num\u00e9ros 1 \u00e0 12, 16, 17, 21, 23, 26, 28, \u2026)<\/li>\n\n\n\n<li>Les plus motiv\u00e9s d\u2019entre vous peuvent assouvir leur soif de Math\u00e9matiques en utilisant\u00a0<a href=\"https:\/\/sc065d846e3cfb485.jimcontent.com\/download\/version\/1647986859\/module\/9922189684\/name\/Doc%20de%20pr%C3%A9paration%20en%20maths%20-%20lyc%C3%A9e%20Condorcet.pdf\" target=\"_blank\" rel=\"noreferrer noopener\">ce document<\/a>, et pour les plus ambitieux\u00a0<a href=\"https:\/\/www.louislegrand.fr\/wp-content\/uploads\/2022\/02\/EXOS-TERMINALE3-3-AVECDESSIN-2.pdf\" target=\"_blank\" rel=\"noreferrer noopener\">celui-ci<\/a>.<\/li>\n\n\n\n<li><a href=\"https:\/\/pcsi.lecontedelisle.re\/wp-content\/uploads\/2024\/07\/Ch0-Revisions.pdf\">Chapitres de R\u00e9vision<\/a> <\/li>\n<\/ul>\n\n\n\n<div data-wp-interactive=\"core\/file\" class=\"wp-block-file\"><object data-wp-bind--hidden=\"!state.hasPdfPreview\" hidden class=\"wp-block-file__embed\" data=\"https:\/\/pcsi.lecontedelisle.re\/wp-content\/uploads\/2023\/08\/spe780_annexe_1373650.pdf\" type=\"application\/pdf\" style=\"width:100%;height:600px\" aria-label=\"Contenu embarqu\u00e9 spe780_annexe_1373650.\"><\/object><a id=\"wp-block-file--media-5d00f6f5-1517-4842-bd46-34486688b986\" href=\"https:\/\/pcsi.lecontedelisle.re\/wp-content\/uploads\/2023\/08\/spe780_annexe_1373650.pdf\" target=\"_blank\" rel=\"noreferrer noopener\">spe780_annexe_1373650<\/a><a href=\"https:\/\/pcsi.lecontedelisle.re\/wp-content\/uploads\/2023\/08\/spe780_annexe_1373650.pdf\" class=\"wp-block-file__button wp-element-button\" download aria-describedby=\"wp-block-file--media-5d00f6f5-1517-4842-bd46-34486688b986\">T\u00e9l\u00e9charger<\/a><\/div>\n\n\n\n<div class=\"wp-block-file\"><a id=\"wp-block-file--media-042edbae-4ea3-4fa0-8e7f-66274d04aac5\" href=\"http:\/\/pcsi.lecontedelisle.re\/wp-content\/uploads\/2023\/01\/cahier_de_calcul_v12-1.pdf\"><br><br>cahier_de_calcul_v12 (1)<\/a><a href=\"http:\/\/pcsi.lecontedelisle.re\/wp-content\/uploads\/2023\/01\/cahier_de_calcul_v12-1.pdf\" class=\"wp-block-file__button wp-element-button\" download aria-describedby=\"wp-block-file--media-042edbae-4ea3-4fa0-8e7f-66274d04aac5\">T\u00e9l\u00e9charger<\/a><\/div>\n\n\n\n<p><\/p>\n\n\n\n<div class=\"wp-block-file\"><a id=\"wp-block-file--media-7dc7371b-3d29-4637-8d2e-7fa2b46063cb\" href=\"https:\/\/pcsi.lecontedelisle.re\/wp-content\/uploads\/2024\/07\/Ch0-Revisions.pdf\">Ch0-Revisions<\/a><a href=\"https:\/\/pcsi.lecontedelisle.re\/wp-content\/uploads\/2024\/07\/Ch0-Revisions.pdf\" class=\"wp-block-file__button wp-element-button\" download aria-describedby=\"wp-block-file--media-7dc7371b-3d29-4637-8d2e-7fa2b46063cb\">T\u00e9l\u00e9charger<\/a><\/div>\n\n\n\n<div class=\"wp-block-buttons is-layout-flex wp-block-buttons-is-layout-flex\"><\/div>\n","protected":false},"excerpt":{"rendered":"<p>POUR SE PREPARER AVANT LA RENTREE : Pour celles et ceux d\u2019entre vous qui d\u00e9sirent se pr\u00e9parer avant la rentr\u00e9e d\u2019ao\u00fbt voil\u00e0 quelques pistes de travail possible.<\/p>\n","protected":false},"author":1,"featured_media":0,"parent":0,"menu_order":0,"comment_status":"closed","ping_status":"closed","template":"","meta":{"footnotes":""},"class_list":["post-70","page","type-page","status-publish","hentry"],"_links":{"self":[{"href":"https:\/\/pcsi.lecontedelisle.re\/index.php\/wp-json\/wp\/v2\/pages\/70","targetHints":{"allow":["GET"]}}],"collection":[{"href":"https:\/\/pcsi.lecontedelisle.re\/index.php\/wp-json\/wp\/v2\/pages"}],"about":[{"href":"https:\/\/pcsi.lecontedelisle.re\/index.php\/wp-json\/wp\/v2\/types\/page"}],"author":[{"embeddable":true,"href":"https:\/\/pcsi.lecontedelisle.re\/index.php\/wp-json\/wp\/v2\/users\/1"}],"replies":[{"embeddable":true,"href":"https:\/\/pcsi.lecontedelisle.re\/index.php\/wp-json\/wp\/v2\/comments?post=70"}],"version-history":[{"count":13,"href":"https:\/\/pcsi.lecontedelisle.re\/index.php\/wp-json\/wp\/v2\/pages\/70\/revisions"}],"predecessor-version":[{"id":180,"href":"https:\/\/pcsi.lecontedelisle.re\/index.php\/wp-json\/wp\/v2\/pages\/70\/revisions\/180"}],"wp:attachment":[{"href":"https:\/\/pcsi.lecontedelisle.re\/index.php\/wp-json\/wp\/v2\/media?parent=70"}],"curies":[{"name":"wp","href":"https:\/\/api.w.org\/{rel}","templated":true}]}}